{"id":896,"date":"2019-10-16T08:36:49","date_gmt":"2019-10-16T12:36:49","guid":{"rendered":"https:\/\/anmpe.cl\/?page_id=896"},"modified":"2021-10-18T13:49:56","modified_gmt":"2021-10-18T17:49:56","slug":"premio-lenka-franulic-2","status":"publish","type":"page","link":"https:\/\/anmpe.cl\/index.php\/premio-lenka-franulic-2\/","title":{"rendered":"Premio Lenka Franulic"},"content":{"rendered":"\n<p>Como un est\u00edmulo para las periodistas que destaquen en su labor profesional, la ANMPE cre\u00f3 en 1963, el PREMIO LENKA FRANULIC, en honor a la precursora del periodismo nacional, Lenka Franulic, galard\u00f3n que reconoce anualmente la trayectoria de una profesional del mundo de las comunicaciones.<\/p>\n\n\n\n<p>Lo define un jurado que integran:<\/p>\n\n\n\n<p>\u00b7 La presidenta de la Asociaci\u00f3n Nacional de Mujeres Periodistas.<\/p>\n\n\n\n<p>\u00b7 La presidenta o presidente del Colegio de Periodistas.<\/p>\n\n\n\n<p>\u00b7 El \u00faltimo periodista galardonado(a) con este premio.<\/p>\n\n\n\n<p>\u00b7 El \u00faltimo Premio Nacional de Periodismo.<\/p>\n\n\n\n<p>El director o directora de la Escuela de Periodismo de la Universidad de Chile.<\/p>\n\n\n\n<p>\u00b7 El director o directora de la Escuela de Periodismo de la Universidad Cat\u00f3lica.<\/p>\n\n\n\n<p>\u00b7 El director o directora de la Escuela de Periodismo de una Universidad privada que se va rotando.<\/p>\n","protected":false},"excerpt":{"rendered":"<p>Como un est\u00edmulo para las periodistas que destaquen en su labor profesional, la ANMPE cre\u00f3 en 1963, el PREMIO LENKA FRANULIC, en honor a la precursora del periodismo nacional, Lenka Franulic, galard\u00f3n que reconoce anualmente la trayectoria de una profesional del mundo de las comunicaciones. Lo define un jurado que integran: \u00b7 La presidenta de&#8230;<\/p>\n","protected":false},"author":1,"featured_media":0,"parent":0,"menu_order":0,"comment_status":"closed","ping_status":"closed","template":"","meta":{"_kadence_starter_templates_imported_post":false,"_kad_post_transparent":"","_kad_post_title":"","_kad_post_layout":"","_kad_post_sidebar_id":"","_kad_post_content_style":"","_kad_post_vertical_padding":"","_kad_post_feature":"","_kad_post_feature_position":"","_kad_post_header":false,"_kad_post_footer":false,"footnotes":""},"class_list":["post-896","page","type-page","status-publish","hentry"],"_links":{"self":[{"href":"https:\/\/anmpe.cl\/index.php\/wp-json\/wp\/v2\/pages\/896","targetHints":{"allow":["GET"]}}],"collection":[{"href":"https:\/\/anmpe.cl\/index.php\/wp-json\/wp\/v2\/pages"}],"about":[{"href":"https:\/\/anmpe.cl\/index.php\/wp-json\/wp\/v2\/types\/page"}],"author":[{"embeddable":true,"href":"https:\/\/anmpe.cl\/index.php\/wp-json\/wp\/v2\/users\/1"}],"replies":[{"embeddable":true,"href":"https:\/\/anmpe.cl\/index.php\/wp-json\/wp\/v2\/comments?post=896"}],"version-history":[{"count":3,"href":"https:\/\/anmpe.cl\/index.php\/wp-json\/wp\/v2\/pages\/896\/revisions"}],"predecessor-version":[{"id":1512,"href":"https:\/\/anmpe.cl\/index.php\/wp-json\/wp\/v2\/pages\/896\/revisions\/1512"}],"wp:attachment":[{"href":"https:\/\/anmpe.cl\/index.php\/wp-json\/wp\/v2\/media?parent=896"}],"curies":[{"name":"wp","href":"https:\/\/api.w.org\/{rel}","templated":true}]}}