{"id":369,"date":"2019-04-26T10:53:17","date_gmt":"2019-04-26T14:53:17","guid":{"rendered":"https:\/\/anmpe.cl\/?page_id=369"},"modified":"2021-02-17T10:50:50","modified_gmt":"2021-02-17T14:50:50","slug":"mision","status":"publish","type":"page","link":"https:\/\/anmpe.cl\/index.php\/mision\/","title":{"rendered":"Misi\u00f3n y visi\u00f3n"},"content":{"rendered":"\n<p> La misi\u00f3n de la Asociaci\u00f3n Nacional de Mujeres Periodistas (ANMPE) es promover el desarrollo de iniciativas que agreguen valor a la formaci\u00f3n de las periodistas chilenas y extranjeras que se desempe\u00f1en en el pa\u00eds.<br> Para ello, la ANMPE agrupa a las profesionales del ramo a fin de fomentar el progreso cultural de ellas, as\u00ed como crear redes de apoyo y crecimiento profesional en torno a intereses comunes. <br> <\/p>\n\n\n\n<p>Su prop\u00f3sito es:<br> a)    Fortalecer el papel de las mujeres periodistas, destacar su aporte y potenciar su liderazgo. <br> b)    Visibilizar a las mujeres que trabajan en los distintos \u00e1mbitos de las comunicaciones y desarrollar una red efectiva para su progreso profesional.<br> c)    Realizar, patrocinar y coordinar actividades de capacitaci\u00f3n en diversas materias y disciplinas vinculadas a la profesi\u00f3n.<br> d)    Impulsar la presencia de mujeres en puestos directivos en medios de comunicaci\u00f3n y otras instancias en las que participen. <br> e)    Reconocer a las periodistas que se destaquen en el ejercicio de su profesi\u00f3n.<\/p>\n","protected":false},"excerpt":{"rendered":"<p>La misi\u00f3n de la Asociaci\u00f3n Nacional de Mujeres Periodistas (ANMPE) es promover el desarrollo de iniciativas que agreguen valor a la formaci\u00f3n de las periodistas chilenas y extranjeras que se desempe\u00f1en en el pa\u00eds. Para ello, la ANMPE agrupa a las profesionales del ramo a fin de fomentar el progreso cultural de ellas, as\u00ed como&#8230;<\/p>\n","protected":false},"author":1,"featured_media":0,"parent":0,"menu_order":0,"comment_status":"closed","ping_status":"closed","template":"","meta":{"_kadence_starter_templates_imported_post":false,"_kad_post_transparent":"","_kad_post_title":"","_kad_post_layout":"","_kad_post_sidebar_id":"","_kad_post_content_style":"","_kad_post_vertical_padding":"","_kad_post_feature":"","_kad_post_feature_position":"","_kad_post_header":false,"_kad_post_footer":false,"footnotes":""},"class_list":["post-369","page","type-page","status-publish","hentry"],"_links":{"self":[{"href":"https:\/\/anmpe.cl\/index.php\/wp-json\/wp\/v2\/pages\/369","targetHints":{"allow":["GET"]}}],"collection":[{"href":"https:\/\/anmpe.cl\/index.php\/wp-json\/wp\/v2\/pages"}],"about":[{"href":"https:\/\/anmpe.cl\/index.php\/wp-json\/wp\/v2\/types\/page"}],"author":[{"embeddable":true,"href":"https:\/\/anmpe.cl\/index.php\/wp-json\/wp\/v2\/users\/1"}],"replies":[{"embeddable":true,"href":"https:\/\/anmpe.cl\/index.php\/wp-json\/wp\/v2\/comments?post=369"}],"version-history":[{"count":4,"href":"https:\/\/anmpe.cl\/index.php\/wp-json\/wp\/v2\/pages\/369\/revisions"}],"predecessor-version":[{"id":1290,"href":"https:\/\/anmpe.cl\/index.php\/wp-json\/wp\/v2\/pages\/369\/revisions\/1290"}],"wp:attachment":[{"href":"https:\/\/anmpe.cl\/index.php\/wp-json\/wp\/v2\/media?parent=369"}],"curies":[{"name":"wp","href":"https:\/\/api.w.org\/{rel}","templated":true}]}}