{"id":3115,"date":"2025-08-19T22:21:24","date_gmt":"2025-08-20T02:21:24","guid":{"rendered":"https:\/\/anmpe.cl\/?page_id=3115"},"modified":"2025-09-07T00:11:42","modified_gmt":"2025-09-07T04:11:42","slug":"elecciones-2025-2027","status":"publish","type":"page","link":"https:\/\/anmpe.cl\/index.php\/elecciones-2025-2027\/","title":{"rendered":"Elecciones 2025-2027"},"content":{"rendered":"<style>.kb-image3115_ec5609-bf .kb-image-has-overlay:after{opacity:0.3;}<\/style>\n<figure class=\"wp-block-kadence-image kb-image3115_ec5609-bf size-full\"><img loading=\"lazy\" decoding=\"async\" width=\"1620\" height=\"2620\" src=\"https:\/\/anmpe.cl\/wp-content\/uploads\/2025\/08\/dcc7b543-ae6d-9027-59fa-42b5f3d8e884.png\" alt=\"\" class=\"kb-img wp-image-3123\"\/><\/figure>\n\n\n<style>.kb-row-layout-id3115_96772a-66 > .kt-row-column-wrap{align-content:start;}:where(.kb-row-layout-id3115_96772a-66 > .kt-row-column-wrap) > .wp-block-kadence-column{justify-content:start;}.kb-row-layout-id3115_96772a-66 > .kt-row-column-wrap{column-gap:var(--global-kb-gap-md, 2rem);row-gap:var(--global-kb-gap-md, 2rem);padding-top:var(--global-kb-spacing-sm, 1.5rem);padding-bottom:var(--global-kb-spacing-sm, 1.5rem);grid-template-columns:minmax(0, 1fr);}.kb-row-layout-id3115_96772a-66 > .kt-row-layout-overlay{opacity:0.30;}@media all and (max-width: 1024px){.kb-row-layout-id3115_96772a-66 > .kt-row-column-wrap{grid-template-columns:minmax(0, 1fr);}}@media all and (max-width: 767px){.kb-row-layout-id3115_96772a-66 > .kt-row-column-wrap{grid-template-columns:minmax(0, 1fr);}}<\/style><div class=\"kb-row-layout-wrap kb-row-layout-id3115_96772a-66 alignnone wp-block-kadence-rowlayout\"><div class=\"kt-row-column-wrap kt-has-1-columns kt-row-layout-equal kt-tab-layout-inherit kt-mobile-layout-row kt-row-valign-top\">\n<style>.kadence-column3115_b6619a-68 > .kt-inside-inner-col,.kadence-column3115_b6619a-68 > .kt-inside-inner-col:before{border-top-left-radius:0px;border-top-right-radius:0px;border-bottom-right-radius:0px;border-bottom-left-radius:0px;}.kadence-column3115_b6619a-68 > .kt-inside-inner-col{column-gap:var(--global-kb-gap-sm, 1rem);}.kadence-column3115_b6619a-68 > .kt-inside-inner-col{flex-direction:column;}.kadence-column3115_b6619a-68 > .kt-inside-inner-col > .aligncenter{width:100%;}.kadence-column3115_b6619a-68 > .kt-inside-inner-col:before{opacity:0.3;}.kadence-column3115_b6619a-68{position:relative;}@media all and (max-width: 1024px){.kadence-column3115_b6619a-68 > .kt-inside-inner-col{flex-direction:column;justify-content:center;}}@media all and (max-width: 767px){.kadence-column3115_b6619a-68 > .kt-inside-inner-col{flex-direction:column;justify-content:center;}}<\/style>\n<div class=\"wp-block-kadence-column kadence-column3115_b6619a-68\"><div class=\"kt-inside-inner-col\">\n<figure class=\"wp-block-table\"><table class=\"has-fixed-layout\"><tbody><tr><td>Las periodistas interesadas en presentarse como candidatas a presidenta o directora, podr\u00e1n inscribir su candidatura hasta el 07&nbsp;de septiembre.&nbsp;&nbsp;Formulario y bases en&nbsp;<a href=\"http:\/\/www.anmpe.cl\/\">www.anmpe.cl<\/a><br>La elecci\u00f3n se realizar\u00e1 de acuerdo al marco legal dispuesto por&nbsp;el Ministerio de Econom\u00eda, Fomento y Turismo&nbsp;que rige a las AG, reglamento interno y&nbsp;por los Estatutos de la ANMPE, que puedes revisar en la web.&nbsp;Preguntas:&nbsp;<a href=\"mailto:contacto@anmpe.cl\">contacto@anmpe.cl<\/a>&nbsp;<br><br><strong>De las votaciones:&nbsp;<\/strong>Podr\u00e1n votar \u201ctodas aquellas socias inscritas en la Asociaci\u00f3n, que tengan su&nbsp;cuota anual al d\u00eda\u201d cuyo valor es de 1 UF, la cual podr\u00e1 cancelarse hasta en 2&nbsp;cuotas.&nbsp;<br><\/td><\/tr><tr><td>&#x1f4e9; Conoce tu estado de vigencia de socia, escribe a&nbsp;<a href=\"mailto:contacto@anmpe.cl\">contacto@anmpe.cl<\/a>&nbsp;&nbsp;<br>&#x1f4b0; Pago membres\u00eda socias vigentes:<\/td><\/tr><\/tbody><\/table><\/figure>\n<\/div><\/div>\n\n<\/div><\/div>\n\n<style>.wp-block-kadence-advancedbtn.kb-btns3115_f8ba37-54{gap:var(--global-kb-gap-xs, 0.5rem );justify-content:center;align-items:center;}.kt-btns3115_f8ba37-54 .kt-button{font-weight:normal;font-style:normal;}.kt-btns3115_f8ba37-54 .kt-btn-wrap-0{margin-right:5px;}.wp-block-kadence-advancedbtn.kt-btns3115_f8ba37-54 .kt-btn-wrap-0 .kt-button{color:#555555;border-color:#555555;}.wp-block-kadence-advancedbtn.kt-btns3115_f8ba37-54 .kt-btn-wrap-0 .kt-button:hover, .wp-block-kadence-advancedbtn.kt-btns3115_f8ba37-54 .kt-btn-wrap-0 .kt-button:focus{color:#ffffff;border-color:#444444;}.wp-block-kadence-advancedbtn.kt-btns3115_f8ba37-54 .kt-btn-wrap-0 .kt-button::before{display:none;}.wp-block-kadence-advancedbtn.kt-btns3115_f8ba37-54 .kt-btn-wrap-0 .kt-button:hover, .wp-block-kadence-advancedbtn.kt-btns3115_f8ba37-54 .kt-btn-wrap-0 .kt-button:focus{background:#444444;}<\/style>\n<div class=\"wp-block-kadence-advancedbtn kb-buttons-wrap kb-btns3115_f8ba37-54\"><style>ul.menu .wp-block-kadence-advancedbtn .kb-btn3115_cd4cb1-c8.kb-button{width:initial;}<\/style><a class=\"kb-button kt-button button kb-btn3115_cd4cb1-c8 kt-btn-size-standard kt-btn-width-type-auto kb-btn-global-fill  kt-btn-has-text-true kt-btn-has-svg-false  wp-block-kadence-singlebtn\" href=\"https:\/\/www.flow.cl\/btn.php?token=q3a31a612c8af3b5150b63fd3b20705e2bc299e0\"><span class=\"kt-btn-inner-text\">Pago en linea<\/span><\/a><\/div>\n\n\n\n<p>Si quieres participar como socia debes registrarte primero. Te contactaremos.<br>Hazte socia\u00a0<a href=\"https:\/\/anmpe.cl\/index.php\/beneficios\/\" target=\"_blank\" rel=\"noreferrer noopener\"><strong>aqu\u00ed<\/strong><\/a><br><br><strong>Nuevos datos bancarios para socias vigentes:<\/strong><\/p>\n\n\n\n<p>Banco EstadoAsociacion Nacional de Mujeres Periodistas (sin acentos)<br>RUT: 65.164.308-2<br>Cuenta corrienteN\u00ba 289-7007787-3<br>Correo:\u00a0<a href=\"mailto:Tesorera@amnpe.cl\">tesorera@amnpe.cl<\/a><\/p>\n\n\n\n<p><strong>En Asunto:<\/strong>\u00a0No olvides escribir tu nombre y apellido, para poder identificar el pago y reenviarnos el comprobante con tus datos de contacto al correo\u00a0<a href=\"mailto:tesorera@anmpe.cl\">tesorera@anmpe.cl<\/a><\/p>\n","protected":false},"excerpt":{"rendered":"<p>Las periodistas interesadas en presentarse como candidatas a presidenta o directora, podr\u00e1n inscribir su candidatura hasta el 07&nbsp;de septiembre.&nbsp;&nbsp;Formulario y bases en&nbsp;www.anmpe.clLa elecci\u00f3n se realizar\u00e1 de acuerdo al marco legal dispuesto por&nbsp;el Ministerio de Econom\u00eda, Fomento y Turismo&nbsp;que rige a las AG, reglamento interno y&nbsp;por los Estatutos de la ANMPE, que puedes revisar en la&#8230;<\/p>\n","protected":false},"author":1,"featured_media":0,"parent":0,"menu_order":0,"comment_status":"closed","ping_status":"closed","template":"","meta":{"_kadence_starter_templates_imported_post":false,"_kad_post_transparent":"","_kad_post_title":"hide","_kad_post_layout":"","_kad_post_sidebar_id":"","_kad_post_content_style":"","_kad_post_vertical_padding":"","_kad_post_feature":"","_kad_post_feature_position":"","_kad_post_header":false,"_kad_post_footer":false,"footnotes":""},"class_list":["post-3115","page","type-page","status-publish","hentry"],"_links":{"self":[{"href":"https:\/\/anmpe.cl\/index.php\/wp-json\/wp\/v2\/pages\/3115","targetHints":{"allow":["GET"]}}],"collection":[{"href":"https:\/\/anmpe.cl\/index.php\/wp-json\/wp\/v2\/pages"}],"about":[{"href":"https:\/\/anmpe.cl\/index.php\/wp-json\/wp\/v2\/types\/page"}],"author":[{"embeddable":true,"href":"https:\/\/anmpe.cl\/index.php\/wp-json\/wp\/v2\/users\/1"}],"replies":[{"embeddable":true,"href":"https:\/\/anmpe.cl\/index.php\/wp-json\/wp\/v2\/comments?post=3115"}],"version-history":[{"count":6,"href":"https:\/\/anmpe.cl\/index.php\/wp-json\/wp\/v2\/pages\/3115\/revisions"}],"predecessor-version":[{"id":3128,"href":"https:\/\/anmpe.cl\/index.php\/wp-json\/wp\/v2\/pages\/3115\/revisions\/3128"}],"wp:attachment":[{"href":"https:\/\/anmpe.cl\/index.php\/wp-json\/wp\/v2\/media?parent=3115"}],"curies":[{"name":"wp","href":"https:\/\/api.w.org\/{rel}","templated":true}]}}