{"id":1314,"date":"2021-02-17T16:58:30","date_gmt":"2021-02-17T20:58:30","guid":{"rendered":"https:\/\/anmpe.cl\/?page_id=1314"},"modified":"2024-11-17T19:25:17","modified_gmt":"2024-11-17T23:25:17","slug":"columnas","status":"publish","type":"page","link":"https:\/\/anmpe.cl\/index.php\/columnas\/","title":{"rendered":"COLUMNAS"},"content":{"rendered":"<style>.kb-row-layout-id1314_4cdb31-3d > .kt-row-column-wrap{align-content:start;}:where(.kb-row-layout-id1314_4cdb31-3d > .kt-row-column-wrap) > .wp-block-kadence-column{justify-content:start;}.kb-row-layout-id1314_4cdb31-3d > .kt-row-column-wrap{column-gap:var(--global-kb-gap-md, 2rem);row-gap:var(--global-kb-gap-md, 2rem);padding-top:var(--global-kb-spacing-sm, 1.5rem);padding-bottom:var(--global-kb-spacing-sm, 1.5rem);grid-template-columns:minmax(0, 1fr);}.kb-row-layout-id1314_4cdb31-3d > .kt-row-layout-overlay{opacity:0.30;}@media all and (max-width: 1024px){.kb-row-layout-id1314_4cdb31-3d > .kt-row-column-wrap{grid-template-columns:minmax(0, 1fr);}}@media all and (max-width: 767px){.kb-row-layout-id1314_4cdb31-3d > .kt-row-column-wrap{grid-template-columns:minmax(0, 1fr);}}<\/style><div class=\"kb-row-layout-wrap kb-row-layout-id1314_4cdb31-3d alignnone wp-block-kadence-rowlayout\"><div class=\"kt-row-column-wrap kt-has-1-columns kt-row-layout-equal kt-tab-layout-inherit kt-mobile-layout-row kt-row-valign-top\">\n<style>.kadence-column1314_0dfdc5-23 > .kt-inside-inner-col,.kadence-column1314_0dfdc5-23 > .kt-inside-inner-col:before{border-top-left-radius:0px;border-top-right-radius:0px;border-bottom-right-radius:0px;border-bottom-left-radius:0px;}.kadence-column1314_0dfdc5-23 > .kt-inside-inner-col{column-gap:var(--global-kb-gap-sm, 1rem);}.kadence-column1314_0dfdc5-23 > .kt-inside-inner-col{flex-direction:column;}.kadence-column1314_0dfdc5-23 > .kt-inside-inner-col > .aligncenter{width:100%;}.kadence-column1314_0dfdc5-23 > .kt-inside-inner-col:before{opacity:0.3;}.kadence-column1314_0dfdc5-23{position:relative;}@media all and (max-width: 1024px){.kadence-column1314_0dfdc5-23 > .kt-inside-inner-col{flex-direction:column;justify-content:center;}}@media all and (max-width: 767px){.kadence-column1314_0dfdc5-23 > .kt-inside-inner-col{flex-direction:column;justify-content:center;}}<\/style>\n<div class=\"wp-block-kadence-column kadence-column1314_0dfdc5-23\"><div class=\"kt-inside-inner-col\"><style>.kb-posts-id-1314_2e75c0-02 .entry.loop-entry .entry-header .entry-title{font-size:var(--global-kb-font-size-sm, 0.9rem);}.kb-posts-id-1314_2e75c0-02 .kb-post-list-item{display:grid;}<\/style><ul class=\"wp-block-kadence-posts kb-posts kadence-posts-list kb-posts-id-1314_2e75c0-02 content-wrap grid-cols kb-posts-style-boxed grid-sm-col-2 grid-lg-col-3 item-image-style-above\"><li class=\"kb-post-list-item\">\n\t<article class=\"entry content-bg loop-entry post-1728 post type-post status-publish format-standard has-post-thumbnail hentry category-anmp-en-la-prensa category-columnas\">\n\t\t\t\t<a aria-hidden=\"true\" tabindex=\"-1\" role=\"presentation\" class=\"post-thumbnail kadence-thumbnail-ratio-2-3\" href=\"https:\/\/anmpe.cl\/index.php\/2022\/05\/11\/mujeres-periodistas-rompiendo-barreras\/\" aria-label=\"MUJERES PERIODISTAS ROMPIENDO BARRERAS\">\n\t\t\t<div class=\"post-thumbnail-inner\">\n\t\t\t\t<img loading=\"lazy\" decoding=\"async\" width=\"768\" height=\"491\" src=\"https:\/\/anmpe.cl\/wp-content\/uploads\/2022\/05\/4AA86AED-7D19-40CB-A28B-AD78321A7DD2-768x491.jpeg\" class=\"attachment-medium_large size-medium_large wp-post-image\" alt=\"MUJERES PERIODISTAS ROMPIENDO BARRERAS\" srcset=\"https:\/\/anmpe.cl\/wp-content\/uploads\/2022\/05\/4AA86AED-7D19-40CB-A28B-AD78321A7DD2-768x491.jpeg 768w, https:\/\/anmpe.cl\/wp-content\/uploads\/2022\/05\/4AA86AED-7D19-40CB-A28B-AD78321A7DD2-300x192.jpeg 300w, https:\/\/anmpe.cl\/wp-content\/uploads\/2022\/05\/4AA86AED-7D19-40CB-A28B-AD78321A7DD2-1024x654.jpeg 1024w, https:\/\/anmpe.cl\/wp-content\/uploads\/2022\/05\/4AA86AED-7D19-40CB-A28B-AD78321A7DD2.jpeg 1074w\" sizes=\"auto, (max-width: 768px) 100vw, 768px\" \/>\t\t\t<\/div>\n\t\t<\/a><!-- .post-thumbnail -->\n\t\t\t\t<div class=\"entry-content-wrap\">\n\t\t\t<header class=\"entry-header\">\n\t\t<div class=\"entry-taxonomies\">\n\t\t<span class=\"category-links term-links category-style-pill\">\n\t\t\t<a href=\"https:\/\/anmpe.cl\/index.php\/category\/noticias\/anmp-en-la-prensa\/\" class=\"category-link-anmp-en-la-prensa\" rel=\"tag\">ANMP en la prensa<\/a> <a href=\"https:\/\/anmpe.cl\/index.php\/category\/noticias\/columnas\/\" class=\"category-link-columnas\" rel=\"tag\">Columnas<\/a>\t\t<\/span>\n\t<\/div><!-- .entry-taxonomies -->\n\t<h2 class=\"entry-title\"><a href=\"https:\/\/anmpe.cl\/index.php\/2022\/05\/11\/mujeres-periodistas-rompiendo-barreras\/\" rel=\"bookmark\">MUJERES PERIODISTAS ROMPIENDO BARRERAS<\/a><\/h2>\t<div class=\"entry-meta entry-meta-divider-dot\">\n\t\t\t\t<span class=\"posted-on\">\n\t\t\t\t<time class=\"entry-date published\" datetime=\"2022-05-11T07:40:35-04:00\">mayo 11, 2022<\/time><time class=\"updated\" datetime=\"2022-06-28T12:37:21-04:00\">junio 28, 2022<\/time>\t\t\t<\/span>\n\t\t\t\t<\/div><!-- .entry-meta -->\n\t<\/header><!-- .entry-header -->\n\t<div class=\"entry-summary\">\n\t\t<p>Columna de nuestra Secretaria General Patricia Alrringo&nbsp;para&nbsp; la revista Factor de \u00c9xito en el especial Liderazgo Femenino. Qu\u00e9 duda cabe&#8230;<\/p>\n\t<\/div><!-- .entry-summary -->\n\t<footer class=\"entry-footer\">\n\t\t\t<div class=\"entry-actions\">\n\t\t\t<p class=\"more-link-wrap\">\n\t\t\t\t<a href=\"https:\/\/anmpe.cl\/index.php\/2022\/05\/11\/mujeres-periodistas-rompiendo-barreras\/\" class=\"post-more-link\">\n\t\t\t\t\tLeer m\u00e1s<span class=\"screen-reader-text\"> MUJERES PERIODISTAS ROMPIENDO BARRERAS<\/span><span class=\"kadence-svg-iconset svg-baseline\"><svg aria-hidden=\"true\" class=\"kadence-svg-icon kadence-arrow-right-alt-svg\" fill=\"currentColor\" version=\"1.1\" xmlns=\"http:\/\/www.w3.org\/2000\/svg\" width=\"27\" height=\"28\" viewBox=\"0 0 27 28\"><title>Continuar<\/title><path d=\"M27 13.953c0 0.141-0.063 0.281-0.156 0.375l-6 5.531c-0.156 0.141-0.359 0.172-0.547 0.094-0.172-0.078-0.297-0.25-0.297-0.453v-3.5h-19.5c-0.281 0-0.5-0.219-0.5-0.5v-3c0-0.281 0.219-0.5 0.5-0.5h19.5v-3.5c0-0.203 0.109-0.375 0.297-0.453s0.391-0.047 0.547 0.078l6 5.469c0.094 0.094 0.156 0.219 0.156 0.359v0z\"><\/path>\n\t\t\t<\/svg><\/span>\t\t\t\t<\/a>\n\t\t\t<\/p>\n\t\t<\/div><!-- .entry-actions -->\n\t\t<\/footer><!-- .entry-footer -->\t\t<\/div>\n\t<\/article>\n<\/li>\n<li class=\"kb-post-list-item\">\n\t<article class=\"entry content-bg loop-entry post-1659 post type-post status-publish format-standard has-post-thumbnail hentry category-columnas\">\n\t\t\t\t<a aria-hidden=\"true\" tabindex=\"-1\" role=\"presentation\" class=\"post-thumbnail kadence-thumbnail-ratio-2-3\" href=\"https:\/\/anmpe.cl\/index.php\/2022\/04\/08\/francisca-skoknic-a-la-vanguardia-de-la-investigacion-y-la-innovacion-periodisticas\/\" aria-label=\"Francisca Skoknic, a la vanguardia de la investigaci\u00f3n y la innovaci\u00f3n period\u00edsticas\">\n\t\t\t<div class=\"post-thumbnail-inner\">\n\t\t\t\t<img loading=\"lazy\" decoding=\"async\" width=\"524\" height=\"480\" src=\"https:\/\/anmpe.cl\/wp-content\/uploads\/2022\/04\/FRancisca-Skoknic-Premio-Lenka-FRanulic-2021.jpg\" class=\"attachment-medium_large size-medium_large wp-post-image\" alt=\"Francisca Skoknic, a la vanguardia de la investigaci\u00f3n y la innovaci\u00f3n period\u00edsticas\" srcset=\"https:\/\/anmpe.cl\/wp-content\/uploads\/2022\/04\/FRancisca-Skoknic-Premio-Lenka-FRanulic-2021.jpg 524w, https:\/\/anmpe.cl\/wp-content\/uploads\/2022\/04\/FRancisca-Skoknic-Premio-Lenka-FRanulic-2021-300x275.jpg 300w\" sizes=\"auto, (max-width: 524px) 100vw, 524px\" \/>\t\t\t<\/div>\n\t\t<\/a><!-- .post-thumbnail -->\n\t\t\t\t<div class=\"entry-content-wrap\">\n\t\t\t<header class=\"entry-header\">\n\t\t<div class=\"entry-taxonomies\">\n\t\t<span class=\"category-links term-links category-style-pill\">\n\t\t\t<a href=\"https:\/\/anmpe.cl\/index.php\/category\/noticias\/columnas\/\" class=\"category-link-columnas\" rel=\"tag\">Columnas<\/a>\t\t<\/span>\n\t<\/div><!-- .entry-taxonomies -->\n\t<h2 class=\"entry-title\"><a href=\"https:\/\/anmpe.cl\/index.php\/2022\/04\/08\/francisca-skoknic-a-la-vanguardia-de-la-investigacion-y-la-innovacion-periodisticas\/\" rel=\"bookmark\">Francisca Skoknic, a la vanguardia de la investigaci\u00f3n y la innovaci\u00f3n period\u00edsticas<\/a><\/h2>\t<div class=\"entry-meta entry-meta-divider-dot\">\n\t\t\t\t<span class=\"posted-on\">\n\t\t\t\t<time class=\"entry-date published updated\" datetime=\"2022-04-08T10:23:42-04:00\">abril 8, 2022<\/time>\t\t\t<\/span>\n\t\t\t\t<\/div><!-- .entry-meta -->\n\t<\/header><!-- .entry-header -->\n\t<div class=\"entry-summary\">\n\t\t<p>Por Cecilia Garc\u00eda-Huidobro y Paula Escobar&nbsp; Dicen que la tenacidad de Lenka Franulic fue uno de los rasgos m\u00e1s caracter\u00edsticos&#8230;<\/p>\n\t<\/div><!-- .entry-summary -->\n\t<footer class=\"entry-footer\">\n\t\t\t<div class=\"entry-actions\">\n\t\t\t<p class=\"more-link-wrap\">\n\t\t\t\t<a href=\"https:\/\/anmpe.cl\/index.php\/2022\/04\/08\/francisca-skoknic-a-la-vanguardia-de-la-investigacion-y-la-innovacion-periodisticas\/\" class=\"post-more-link\">\n\t\t\t\t\tLeer m\u00e1s<span class=\"screen-reader-text\"> Francisca Skoknic, a la vanguardia de la investigaci\u00f3n y la innovaci\u00f3n period\u00edsticas<\/span><span class=\"kadence-svg-iconset svg-baseline\"><svg aria-hidden=\"true\" class=\"kadence-svg-icon kadence-arrow-right-alt-svg\" fill=\"currentColor\" version=\"1.1\" xmlns=\"http:\/\/www.w3.org\/2000\/svg\" width=\"27\" height=\"28\" viewBox=\"0 0 27 28\"><title>Continuar<\/title><path d=\"M27 13.953c0 0.141-0.063 0.281-0.156 0.375l-6 5.531c-0.156 0.141-0.359 0.172-0.547 0.094-0.172-0.078-0.297-0.25-0.297-0.453v-3.5h-19.5c-0.281 0-0.5-0.219-0.5-0.5v-3c0-0.281 0.219-0.5 0.5-0.5h19.5v-3.5c0-0.203 0.109-0.375 0.297-0.453s0.391-0.047 0.547 0.078l6 5.469c0.094 0.094 0.156 0.219 0.156 0.359v0z\"><\/path>\n\t\t\t<\/svg><\/span>\t\t\t\t<\/a>\n\t\t\t<\/p>\n\t\t<\/div><!-- .entry-actions -->\n\t\t<\/footer><!-- .entry-footer -->\t\t<\/div>\n\t<\/article>\n<\/li>\n<li class=\"kb-post-list-item\">\n\t<article class=\"entry content-bg loop-entry post-1604 post type-post status-publish format-standard has-post-thumbnail hentry category-columnas category-noticias\">\n\t\t\t\t<a aria-hidden=\"true\" tabindex=\"-1\" role=\"presentation\" class=\"post-thumbnail kadence-thumbnail-ratio-2-3\" href=\"https:\/\/anmpe.cl\/index.php\/2022\/03\/07\/otras-violencias\/\" aria-label=\"OTRAS VIOLENCIAS\">\n\t\t\t<div class=\"post-thumbnail-inner\">\n\t\t\t\t<img loading=\"lazy\" decoding=\"async\" width=\"686\" height=\"706\" src=\"https:\/\/anmpe.cl\/wp-content\/uploads\/2022\/03\/Captura-de-Pantalla-2022-03-25-a-las-12.54.11.png\" class=\"attachment-medium_large size-medium_large wp-post-image\" alt=\"OTRAS VIOLENCIAS\" srcset=\"https:\/\/anmpe.cl\/wp-content\/uploads\/2022\/03\/Captura-de-Pantalla-2022-03-25-a-las-12.54.11.png 686w, https:\/\/anmpe.cl\/wp-content\/uploads\/2022\/03\/Captura-de-Pantalla-2022-03-25-a-las-12.54.11-292x300.png 292w\" sizes=\"auto, (max-width: 686px) 100vw, 686px\" \/>\t\t\t<\/div>\n\t\t<\/a><!-- .post-thumbnail -->\n\t\t\t\t<div class=\"entry-content-wrap\">\n\t\t\t<header class=\"entry-header\">\n\t\t<div class=\"entry-taxonomies\">\n\t\t<span class=\"category-links term-links category-style-pill\">\n\t\t\t<a href=\"https:\/\/anmpe.cl\/index.php\/category\/noticias\/columnas\/\" class=\"category-link-columnas\" rel=\"tag\">Columnas<\/a> <a href=\"https:\/\/anmpe.cl\/index.php\/category\/noticias\/\" class=\"category-link-noticias\" rel=\"tag\">Noticias<\/a>\t\t<\/span>\n\t<\/div><!-- .entry-taxonomies -->\n\t<h2 class=\"entry-title\"><a href=\"https:\/\/anmpe.cl\/index.php\/2022\/03\/07\/otras-violencias\/\" rel=\"bookmark\">OTRAS VIOLENCIAS<\/a><\/h2>\t<div class=\"entry-meta entry-meta-divider-dot\">\n\t\t\t\t<span class=\"posted-on\">\n\t\t\t\t<time class=\"entry-date published\" datetime=\"2022-03-07T11:53:25-04:00\">marzo 7, 2022<\/time><time class=\"updated\" datetime=\"2022-03-25T11:54:22-04:00\">marzo 25, 2022<\/time>\t\t\t<\/span>\n\t\t\t\t<\/div><!-- .entry-meta -->\n\t<\/header><!-- .entry-header -->\n\t<div class=\"entry-summary\">\n\t\t<p>Por Marcia Scantlebury Al 11 de mayo&nbsp;de 2021,&nbsp;en Chile el n\u00famero de mujeres asesinadas por sus esposos, convivientes, parejas o&#8230;<\/p>\n\t<\/div><!-- .entry-summary -->\n\t<footer class=\"entry-footer\">\n\t\t\t<div class=\"entry-actions\">\n\t\t\t<p class=\"more-link-wrap\">\n\t\t\t\t<a href=\"https:\/\/anmpe.cl\/index.php\/2022\/03\/07\/otras-violencias\/\" class=\"post-more-link\">\n\t\t\t\t\tLeer m\u00e1s<span class=\"screen-reader-text\"> OTRAS VIOLENCIAS<\/span><span class=\"kadence-svg-iconset svg-baseline\"><svg aria-hidden=\"true\" class=\"kadence-svg-icon kadence-arrow-right-alt-svg\" fill=\"currentColor\" version=\"1.1\" xmlns=\"http:\/\/www.w3.org\/2000\/svg\" width=\"27\" height=\"28\" viewBox=\"0 0 27 28\"><title>Continuar<\/title><path d=\"M27 13.953c0 0.141-0.063 0.281-0.156 0.375l-6 5.531c-0.156 0.141-0.359 0.172-0.547 0.094-0.172-0.078-0.297-0.25-0.297-0.453v-3.5h-19.5c-0.281 0-0.5-0.219-0.5-0.5v-3c0-0.281 0.219-0.5 0.5-0.5h19.5v-3.5c0-0.203 0.109-0.375 0.297-0.453s0.391-0.047 0.547 0.078l6 5.469c0.094 0.094 0.156 0.219 0.156 0.359v0z\"><\/path>\n\t\t\t<\/svg><\/span>\t\t\t\t<\/a>\n\t\t\t<\/p>\n\t\t<\/div><!-- .entry-actions -->\n\t\t<\/footer><!-- .entry-footer -->\t\t<\/div>\n\t<\/article>\n<\/li>\n<li class=\"kb-post-list-item\">\n\t<article class=\"entry content-bg loop-entry post-1594 post type-post status-publish format-standard has-post-thumbnail hentry category-columnas category-noticias\">\n\t\t\t\t<a aria-hidden=\"true\" tabindex=\"-1\" role=\"presentation\" class=\"post-thumbnail kadence-thumbnail-ratio-2-3\" href=\"https:\/\/anmpe.cl\/index.php\/2022\/01\/30\/nombre-secreto-mariposas-una-historia-que-no-se-olvida\/\" aria-label=\"\u201cNOMBRE SECRETO: MARIPOSAS\u201d UNA HISTORIA QUE NO SE OLVIDA\">\n\t\t\t<div class=\"post-thumbnail-inner\">\n\t\t\t\t<img loading=\"lazy\" decoding=\"async\" width=\"768\" height=\"665\" src=\"https:\/\/anmpe.cl\/wp-content\/uploads\/2022\/03\/Captura-de-Pantalla-2022-03-25-a-las-12.45.43-768x665.png\" class=\"attachment-medium_large size-medium_large wp-post-image\" alt=\"\u201cNOMBRE SECRETO: MARIPOSAS\u201d UNA HISTORIA QUE NO SE OLVIDA\" srcset=\"https:\/\/anmpe.cl\/wp-content\/uploads\/2022\/03\/Captura-de-Pantalla-2022-03-25-a-las-12.45.43-768x665.png 768w, https:\/\/anmpe.cl\/wp-content\/uploads\/2022\/03\/Captura-de-Pantalla-2022-03-25-a-las-12.45.43-300x260.png 300w, https:\/\/anmpe.cl\/wp-content\/uploads\/2022\/03\/Captura-de-Pantalla-2022-03-25-a-las-12.45.43.png 936w\" sizes=\"auto, (max-width: 768px) 100vw, 768px\" \/>\t\t\t<\/div>\n\t\t<\/a><!-- .post-thumbnail -->\n\t\t\t\t<div class=\"entry-content-wrap\">\n\t\t\t<header class=\"entry-header\">\n\t\t<div class=\"entry-taxonomies\">\n\t\t<span class=\"category-links term-links category-style-pill\">\n\t\t\t<a href=\"https:\/\/anmpe.cl\/index.php\/category\/noticias\/columnas\/\" class=\"category-link-columnas\" rel=\"tag\">Columnas<\/a> <a href=\"https:\/\/anmpe.cl\/index.php\/category\/noticias\/\" class=\"category-link-noticias\" rel=\"tag\">Noticias<\/a>\t\t<\/span>\n\t<\/div><!-- .entry-taxonomies -->\n\t<h2 class=\"entry-title\"><a href=\"https:\/\/anmpe.cl\/index.php\/2022\/01\/30\/nombre-secreto-mariposas-una-historia-que-no-se-olvida\/\" rel=\"bookmark\">\u201cNOMBRE SECRETO: MARIPOSAS\u201d UNA HISTORIA QUE NO SE OLVIDA<\/a><\/h2>\t<div class=\"entry-meta entry-meta-divider-dot\">\n\t\t\t\t<span class=\"posted-on\">\n\t\t\t\t<time class=\"entry-date published\" datetime=\"2022-01-30T11:43:40-04:00\">enero 30, 2022<\/time><time class=\"updated\" datetime=\"2022-03-25T11:46:53-04:00\">marzo 25, 2022<\/time>\t\t\t<\/span>\n\t\t\t\t<\/div><!-- .entry-meta -->\n\t<\/header><!-- .entry-header -->\n\t<div class=\"entry-summary\">\n\t\t<p>El documental de Cecilia Domeyko que narra la vida de las hermanas Mirabal, opositoras al r\u00e9gimen de Rafael Le\u00f3nidas Trujillo,&#8230;<\/p>\n\t<\/div><!-- .entry-summary -->\n\t<footer class=\"entry-footer\">\n\t\t\t<div class=\"entry-actions\">\n\t\t\t<p class=\"more-link-wrap\">\n\t\t\t\t<a href=\"https:\/\/anmpe.cl\/index.php\/2022\/01\/30\/nombre-secreto-mariposas-una-historia-que-no-se-olvida\/\" class=\"post-more-link\">\n\t\t\t\t\tLeer m\u00e1s<span class=\"screen-reader-text\"> \u201cNOMBRE SECRETO: MARIPOSAS\u201d UNA HISTORIA QUE NO SE OLVIDA<\/span><span class=\"kadence-svg-iconset svg-baseline\"><svg aria-hidden=\"true\" class=\"kadence-svg-icon kadence-arrow-right-alt-svg\" fill=\"currentColor\" version=\"1.1\" xmlns=\"http:\/\/www.w3.org\/2000\/svg\" width=\"27\" height=\"28\" viewBox=\"0 0 27 28\"><title>Continuar<\/title><path d=\"M27 13.953c0 0.141-0.063 0.281-0.156 0.375l-6 5.531c-0.156 0.141-0.359 0.172-0.547 0.094-0.172-0.078-0.297-0.25-0.297-0.453v-3.5h-19.5c-0.281 0-0.5-0.219-0.5-0.5v-3c0-0.281 0.219-0.5 0.5-0.5h19.5v-3.5c0-0.203 0.109-0.375 0.297-0.453s0.391-0.047 0.547 0.078l6 5.469c0.094 0.094 0.156 0.219 0.156 0.359v0z\"><\/path>\n\t\t\t<\/svg><\/span>\t\t\t\t<\/a>\n\t\t\t<\/p>\n\t\t<\/div><!-- .entry-actions -->\n\t\t<\/footer><!-- .entry-footer -->\t\t<\/div>\n\t<\/article>\n<\/li>\n<li class=\"kb-post-list-item\">\n\t<article class=\"entry content-bg loop-entry post-1562 post type-post status-publish format-standard has-post-thumbnail hentry category-columnas tag-internacionales tag-oxford tag-postular\">\n\t\t\t\t<a aria-hidden=\"true\" tabindex=\"-1\" role=\"presentation\" class=\"post-thumbnail kadence-thumbnail-ratio-2-3\" href=\"https:\/\/anmpe.cl\/index.php\/2022\/01\/05\/descubre-como-y-cuando-postular-para-una-beca-en-oxford-y-las-fechas-de-seminarios-internacionales-a-los-que-puedes-asistir\/\" aria-label=\"DESCUBRE C\u00d3MO Y CU\u00c1NDO POSTULAR PARA UNA BECA EN OXFORD Y LAS FECHAS DE SEMINARIOS INTERNACIONALES A LOS QUE PUEDES ASISTIR.\">\n\t\t\t<div class=\"post-thumbnail-inner\">\n\t\t\t\t<img loading=\"lazy\" decoding=\"async\" width=\"768\" height=\"768\" src=\"https:\/\/anmpe.cl\/wp-content\/uploads\/2022\/01\/Paula-Molina-768x768.png\" class=\"attachment-medium_large size-medium_large wp-post-image\" alt=\"DESCUBRE C\u00d3MO Y CU\u00c1NDO POSTULAR PARA UNA BECA EN OXFORD Y LAS FECHAS DE SEMINARIOS INTERNACIONALES A LOS QUE PUEDES ASISTIR.\" srcset=\"https:\/\/anmpe.cl\/wp-content\/uploads\/2022\/01\/Paula-Molina-768x768.png 768w, https:\/\/anmpe.cl\/wp-content\/uploads\/2022\/01\/Paula-Molina-150x150.png 150w, https:\/\/anmpe.cl\/wp-content\/uploads\/2022\/01\/Paula-Molina-300x300.png 300w, https:\/\/anmpe.cl\/wp-content\/uploads\/2022\/01\/Paula-Molina-1024x1024.png 1024w, https:\/\/anmpe.cl\/wp-content\/uploads\/2022\/01\/Paula-Molina-160x160.png 160w, https:\/\/anmpe.cl\/wp-content\/uploads\/2022\/01\/Paula-Molina-320x320.png 320w, https:\/\/anmpe.cl\/wp-content\/uploads\/2022\/01\/Paula-Molina.png 1080w\" sizes=\"auto, (max-width: 768px) 100vw, 768px\" \/>\t\t\t<\/div>\n\t\t<\/a><!-- .post-thumbnail -->\n\t\t\t\t<div class=\"entry-content-wrap\">\n\t\t\t<header class=\"entry-header\">\n\t\t<div class=\"entry-taxonomies\">\n\t\t<span class=\"category-links term-links category-style-pill\">\n\t\t\t<a href=\"https:\/\/anmpe.cl\/index.php\/category\/noticias\/columnas\/\" class=\"category-link-columnas\" rel=\"tag\">Columnas<\/a>\t\t<\/span>\n\t<\/div><!-- .entry-taxonomies -->\n\t<h2 class=\"entry-title\"><a href=\"https:\/\/anmpe.cl\/index.php\/2022\/01\/05\/descubre-como-y-cuando-postular-para-una-beca-en-oxford-y-las-fechas-de-seminarios-internacionales-a-los-que-puedes-asistir\/\" rel=\"bookmark\">DESCUBRE C\u00d3MO Y CU\u00c1NDO POSTULAR PARA UNA BECA EN OXFORD Y LAS FECHAS DE SEMINARIOS INTERNACIONALES A LOS QUE PUEDES ASISTIR.<\/a><\/h2>\t<div class=\"entry-meta entry-meta-divider-dot\">\n\t\t\t\t<span class=\"posted-on\">\n\t\t\t\t<time class=\"entry-date published\" datetime=\"2022-01-05T16:58:06-04:00\">enero 5, 2022<\/time><time class=\"updated\" datetime=\"2022-03-24T09:33:17-04:00\">marzo 24, 2022<\/time>\t\t\t<\/span>\n\t\t\t\t<\/div><!-- .entry-meta -->\n\t<\/header><!-- .entry-header -->\n\t<div class=\"entry-summary\">\n\t\t<p>Nuestra Paula Molina -una de las actuales becadas- se pregunta si los podcasts pueden cumplir un rol en las radios&#8230;<\/p>\n\t<\/div><!-- .entry-summary -->\n\t<footer class=\"entry-footer\">\n\t\t\t<div class=\"entry-actions\">\n\t\t\t<p class=\"more-link-wrap\">\n\t\t\t\t<a href=\"https:\/\/anmpe.cl\/index.php\/2022\/01\/05\/descubre-como-y-cuando-postular-para-una-beca-en-oxford-y-las-fechas-de-seminarios-internacionales-a-los-que-puedes-asistir\/\" class=\"post-more-link\">\n\t\t\t\t\tLeer m\u00e1s<span class=\"screen-reader-text\"> DESCUBRE C\u00d3MO Y CU\u00c1NDO POSTULAR PARA UNA BECA EN OXFORD Y LAS FECHAS DE SEMINARIOS INTERNACIONALES A LOS QUE PUEDES ASISTIR.<\/span><span class=\"kadence-svg-iconset svg-baseline\"><svg aria-hidden=\"true\" class=\"kadence-svg-icon kadence-arrow-right-alt-svg\" fill=\"currentColor\" version=\"1.1\" xmlns=\"http:\/\/www.w3.org\/2000\/svg\" width=\"27\" height=\"28\" viewBox=\"0 0 27 28\"><title>Continuar<\/title><path d=\"M27 13.953c0 0.141-0.063 0.281-0.156 0.375l-6 5.531c-0.156 0.141-0.359 0.172-0.547 0.094-0.172-0.078-0.297-0.25-0.297-0.453v-3.5h-19.5c-0.281 0-0.5-0.219-0.5-0.5v-3c0-0.281 0.219-0.5 0.5-0.5h19.5v-3.5c0-0.203 0.109-0.375 0.297-0.453s0.391-0.047 0.547 0.078l6 5.469c0.094 0.094 0.156 0.219 0.156 0.359v0z\"><\/path>\n\t\t\t<\/svg><\/span>\t\t\t\t<\/a>\n\t\t\t<\/p>\n\t\t<\/div><!-- .entry-actions -->\n\t\t<\/footer><!-- .entry-footer -->\t\t<\/div>\n\t<\/article>\n<\/li>\n<li class=\"kb-post-list-item\">\n\t<article class=\"entry content-bg loop-entry post-1555 post type-post status-publish format-standard has-post-thumbnail hentry category-anmp-en-la-prensa category-columnas category-noticias category-premios-de-periodismo\">\n\t\t\t\t<a aria-hidden=\"true\" tabindex=\"-1\" role=\"presentation\" class=\"post-thumbnail kadence-thumbnail-ratio-2-3\" href=\"https:\/\/anmpe.cl\/index.php\/2021\/12\/18\/francisca-skoknic-premio-lenka-franulic-2021\/\" aria-label=\"FRANCISCA SKOKNIC, PREMIO LENKA FRANULIC 2021\">\n\t\t\t<div class=\"post-thumbnail-inner\">\n\t\t\t\t<img loading=\"lazy\" decoding=\"async\" width=\"484\" height=\"396\" src=\"https:\/\/anmpe.cl\/wp-content\/uploads\/2021\/12\/Francisca-Skoknic-foto-UDP.png\" class=\"attachment-medium_large size-medium_large wp-post-image\" alt=\"FRANCISCA SKOKNIC, PREMIO LENKA FRANULIC 2021\" srcset=\"https:\/\/anmpe.cl\/wp-content\/uploads\/2021\/12\/Francisca-Skoknic-foto-UDP.png 484w, https:\/\/anmpe.cl\/wp-content\/uploads\/2021\/12\/Francisca-Skoknic-foto-UDP-300x245.png 300w\" sizes=\"auto, (max-width: 484px) 100vw, 484px\" \/>\t\t\t<\/div>\n\t\t<\/a><!-- .post-thumbnail -->\n\t\t\t\t<div class=\"entry-content-wrap\">\n\t\t\t<header class=\"entry-header\">\n\t\t<div class=\"entry-taxonomies\">\n\t\t<span class=\"category-links term-links category-style-pill\">\n\t\t\t<a href=\"https:\/\/anmpe.cl\/index.php\/category\/noticias\/anmp-en-la-prensa\/\" class=\"category-link-anmp-en-la-prensa\" rel=\"tag\">ANMP en la prensa<\/a> <a href=\"https:\/\/anmpe.cl\/index.php\/category\/noticias\/columnas\/\" class=\"category-link-columnas\" rel=\"tag\">Columnas<\/a> <a href=\"https:\/\/anmpe.cl\/index.php\/category\/noticias\/\" class=\"category-link-noticias\" rel=\"tag\">Noticias<\/a> <a href=\"https:\/\/anmpe.cl\/index.php\/category\/premios-de-periodismo\/\" class=\"category-link-premios-de-periodismo\" rel=\"tag\">Premios de Periodismo<\/a>\t\t<\/span>\n\t<\/div><!-- .entry-taxonomies -->\n\t<h2 class=\"entry-title\"><a href=\"https:\/\/anmpe.cl\/index.php\/2021\/12\/18\/francisca-skoknic-premio-lenka-franulic-2021\/\" rel=\"bookmark\">FRANCISCA SKOKNIC, PREMIO LENKA FRANULIC 2021<\/a><\/h2>\t<div class=\"entry-meta entry-meta-divider-dot\">\n\t\t\t\t<span class=\"posted-on\">\n\t\t\t\t<time class=\"entry-date published\" datetime=\"2021-12-18T04:43:48-04:00\">diciembre 18, 2021<\/time><time class=\"updated\" datetime=\"2021-12-18T04:43:49-04:00\">diciembre 18, 2021<\/time>\t\t\t<\/span>\n\t\t\t\t<\/div><!-- .entry-meta -->\n\t<\/header><!-- .entry-header -->\n\t<div class=\"entry-summary\">\n\t\t<p>La&nbsp;&nbsp;periodista&nbsp;&nbsp;&nbsp;Francisca Skoknic obtuvo el&nbsp;\u201cPremio Lenka Franulic 2021\u201d, que entrega anualmente la&nbsp;&nbsp;Asociaci\u00f3n Nacional de Mujeres Periodistas, Anmpe.&nbsp; Ver\u00f3nica L\u00f3pez se\u00f1al\u00f3 \u201cen&#8230;<\/p>\n\t<\/div><!-- .entry-summary -->\n\t<footer class=\"entry-footer\">\n\t\t\t<div class=\"entry-actions\">\n\t\t\t<p class=\"more-link-wrap\">\n\t\t\t\t<a href=\"https:\/\/anmpe.cl\/index.php\/2021\/12\/18\/francisca-skoknic-premio-lenka-franulic-2021\/\" class=\"post-more-link\">\n\t\t\t\t\tLeer m\u00e1s<span class=\"screen-reader-text\"> FRANCISCA SKOKNIC, PREMIO LENKA FRANULIC 2021<\/span><span class=\"kadence-svg-iconset svg-baseline\"><svg aria-hidden=\"true\" class=\"kadence-svg-icon kadence-arrow-right-alt-svg\" fill=\"currentColor\" version=\"1.1\" xmlns=\"http:\/\/www.w3.org\/2000\/svg\" width=\"27\" height=\"28\" viewBox=\"0 0 27 28\"><title>Continuar<\/title><path d=\"M27 13.953c0 0.141-0.063 0.281-0.156 0.375l-6 5.531c-0.156 0.141-0.359 0.172-0.547 0.094-0.172-0.078-0.297-0.25-0.297-0.453v-3.5h-19.5c-0.281 0-0.5-0.219-0.5-0.5v-3c0-0.281 0.219-0.5 0.5-0.5h19.5v-3.5c0-0.203 0.109-0.375 0.297-0.453s0.391-0.047 0.547 0.078l6 5.469c0.094 0.094 0.156 0.219 0.156 0.359v0z\"><\/path>\n\t\t\t<\/svg><\/span>\t\t\t\t<\/a>\n\t\t\t<\/p>\n\t\t<\/div><!-- .entry-actions -->\n\t\t<\/footer><!-- .entry-footer -->\t\t<\/div>\n\t<\/article>\n<\/li>\n<\/ul><\/div><\/div>\n\n<\/div><\/div>","protected":false},"excerpt":{"rendered":"","protected":false},"author":1,"featured_media":0,"parent":0,"menu_order":0,"comment_status":"closed","ping_status":"closed","template":"","meta":{"_kadence_starter_templates_imported_post":false,"_kad_post_transparent":"","_kad_post_title":"","_kad_post_layout":"","_kad_post_sidebar_id":"","_kad_post_content_style":"","_kad_post_vertical_padding":"","_kad_post_feature":"","_kad_post_feature_position":"","_kad_post_header":false,"_kad_post_footer":false,"footnotes":""},"class_list":["post-1314","page","type-page","status-publish","hentry"],"_links":{"self":[{"href":"https:\/\/anmpe.cl\/index.php\/wp-json\/wp\/v2\/pages\/1314","targetHints":{"allow":["GET"]}}],"collection":[{"href":"https:\/\/anmpe.cl\/index.php\/wp-json\/wp\/v2\/pages"}],"about":[{"href":"https:\/\/anmpe.cl\/index.php\/wp-json\/wp\/v2\/types\/page"}],"author":[{"embeddable":true,"href":"https:\/\/anmpe.cl\/index.php\/wp-json\/wp\/v2\/users\/1"}],"replies":[{"embeddable":true,"href":"https:\/\/anmpe.cl\/index.php\/wp-json\/wp\/v2\/comments?post=1314"}],"version-history":[{"count":5,"href":"https:\/\/anmpe.cl\/index.php\/wp-json\/wp\/v2\/pages\/1314\/revisions"}],"predecessor-version":[{"id":2812,"href":"https:\/\/anmpe.cl\/index.php\/wp-json\/wp\/v2\/pages\/1314\/revisions\/2812"}],"wp:attachment":[{"href":"https:\/\/anmpe.cl\/index.php\/wp-json\/wp\/v2\/media?parent=1314"}],"curies":[{"name":"wp","href":"https:\/\/api.w.org\/{rel}","templated":true}]}}